{"id":3,"date":"2024-04-12T09:13:09","date_gmt":"2024-04-12T09:13:09","guid":{"rendered":"https:\/\/demo.bravisthemes.com\/herrington\/?page_id=3"},"modified":"2025-10-13T08:44:33","modified_gmt":"2025-10-13T07:44:33","slug":"privacy-policy","status":"publish","type":"page","link":"https:\/\/deepproject.hr\/en\/privacy-policy\/","title":{"rendered":"Izjava o privatnosti"},"content":{"rendered":"<p><strong>Izjava o privatnosti<\/strong><\/p>\n\n\n\n<p>Ova Izjava o privatnosti odnosi se na povjerljivost osobnih podataka koji su prikupljeni u procesu provedbe psihometrijskih testiranja.&nbsp;<\/p>\n\n\n\n<p><strong><br><\/strong>DeeP Project se pridr\u017eava va\u017ee\u0107ih propisa sa ciljem za\u0161tite privatnosti svojih Korisnika, a posebice Op\u0107e uredbe o za\u0161titi osobnih podataka EU. Ovim dokumentom definiraju se postupci prikupljanja i obra\u0111ivanja osobnih podataka korisnika.&nbsp;<\/p>\n\n\n\n<p><br>Upu\u0107uju se Korisnici usluga DeeP Project (u daljnjem tekstu: Korisnici) da pro\u010ditaju sve navedeno na ovoj stranici kako bi lak\u0161e razumjeli koje podatke prikuplja i obra\u0111uje DeeP Project, u koju svrhu, temeljem koje pravne osnove, s kime ih i za\u0161to dijeli, koje za\u0161titne mjere provodi te koja su va\u0161a prava vezano za pristup osobnim podacima, ispravak, brisanje te va\u0161e pravo na prigovor.&nbsp;<\/p>\n\n\n\n<p><br>Svaki Korisnik koji ima bilo kakva pitanja u vezi osobnih podataka mo\u017ee poslati e-mail poruku na adresu dpo@deepproject.hr.&nbsp;<\/p>\n\n\n\n<p><br>Prihva\u0107anjem ove Izjave o privatnosti Korisnik potvr\u0111uje da je pro\u010ditao, razumio i sla\u017ee se sa obradom osobnih podataka kako ih ova Izjava utvr\u0111uje.&nbsp;&nbsp;<\/p>\n\n\n\n<p><strong>Koju vrstu osobnih podataka prikuplja i obra\u0111uje DeeP Project?<\/strong><br>Prilikom registracije Korisnika, odnosno prilikom po\u010detka poslovne suradnje<strong>,<\/strong> DeeP Project mo\u017ee od Korisnika zatra\u017eiti pru\u017eanje odre\u0111enih informacija o sebi (osobnih podataka) kao \u0161to su ime i prezime, adresa (uklju\u010duju\u0107i po\u0161tanski broj), e-mail adresa, telefonski broj, datum ro\u0111enja, \u017eivotopis, dokumenti kojima se dokazuju navodi iz \u017eivotopisa i sl, te svi oni osobni podaci koje je Korisnik samoinicijativno dostavio. Korisnik potvr\u0111uje da se sla\u017ee da obradom osobnih podataka .Niste du\u017eni dati svoju suglasnost na obradu podataka koji nisu relevantni ili zakonom propisani za izvr\u0161avanje cilja prikupljanja osobnih podataka.<\/p>\n\n\n\n<p><br>Davanje osobnih podataka je odluka Korisnika. Ako Korisnik ne pru\u017ei tra\u017eene obavezne informacije za odre\u0111enu aktivnost koja ih zahtijeva, ne\u0107e mu biti dopu\u0161teno uklju\u010divanje u takvu aktivnost, jer bez tih podataka aktivnost ne\u0107e biti tehni\u010dki provediva. &nbsp;<br><br>Osim ovih podataka automatski prikupljamo podatke s va\u0161eg ra\u010dunala, \u0161to mo\u017ee uklju\u010divati IP adresu, a postoje i situacije u kojima automatski prikupljamo druge vrste podataka kao \u0161to su datum i vrijeme pristupa na Internet stranicu, informacije o hardveru, softveru ili internetskom pretra\u017eiva\u010du koji koristite kao i o operativnom sustavu va\u0161eg ra\u010dunala te verziji aplikacije i va\u0161im jezi\u010dnim postavkama.&nbsp;<\/p>\n\n\n\n<p><br><strong>U koju svrhu DeeP Project prikuplja i obra\u0111uje osobne podatke?&nbsp;<br><\/strong>DeeP Project prikuplja i obra\u0111uje osobne podatke Korisnika u svrhu provo\u0111enja psihometrijskog testiranja i kreiranja zavr\u0161nog izvje\u0161taja o potencijalnim budu\u0107im i\/ili postoje\u0107im zaposlenicima, odnosno u svrhu selekcije i kona\u010dnog odabira potencijalnih kandidata, budu\u0107ih potencijalnih zaposlenika.<\/p>\n\n\n\n<p>Upozoravamo da se sve obrade osobnih podataka smiju koristiti isklju\u010divo od osoba koje su navr\u0161ile 16 godina \u017eivota. Zabranjuje se kori\u0161tenje sustava i alata te iz toga proiza\u0161le obrade podataka korisnika ispod te dobne granice bez odgovaraju\u0107e privole roditelja\/skrbnika. Ako unato\u010d tome do\u0111e do obrade podataka, istu \u0107emo obustaviti \u010dim za nju saznamo te podatke takvih osoba izbrisati.<\/p>\n\n\n\n<p><strong>Koja je pravna osnova obrade osobnih podataka?&nbsp;&nbsp;<\/strong><\/p>\n\n\n\n<p>Spomenuti osobni podaci su nu\u017eno potrebni kako bi pru\u017eili kvalitetnu uslugu odnosno izvr\u0161ili psihometrijsko testiranje, koje je temelj prikupljanja osobnih podataka, na na\u010din da isto odgovara svih znanstvenim i\/ili tra\u017eenim, od strane potencijalnog poslodavca, kriterijima, te je stoga obrada tih osobnih podataka zakonita jer se poduzimaju radnje na zahtjev Korisnika usluge.&nbsp;<\/p>\n\n\n\n<p>Ako smo Va\u0161e osobne podatke prikupili i obradili uz Va\u0161u privolu, mo\u017eete ju povu\u0107i bilo kada. Povla\u010denje Va\u0161e privole ne\u0107e imati utjecaj na legitimnost svakog obra\u0111ivanja koje smo poduzeli prije Va\u0161eg povla\u010denja, niti \u0107e imati utjecaj na obra\u0111ivanje Va\u0161ih osobnih podataka&nbsp; koje se provode u skladu sa zakonskim osnovama obra\u0111ivanja,&nbsp; osim onih na koje ste pristali. Privolu Korisnik mo\u017ee povu\u0107i u svakom trenutku slanjem obavijesti na e-mail adresu voditelja obrade&nbsp; osobnih podataka dpo@deepproject.hr.<\/p>\n\n\n\n<p><br><strong>S kime se dijele prikupljeni osobni podaci?<\/strong>&nbsp;<\/p>\n\n\n\n<p>DeeP Project ne\u0107e dijeliti osobne podatke Korisnika s drugim stranama, osim s onim stranama na \u010diji su zahtjev osobni podaci prikupljeni, odnosno od koje strane su osobni podaci zaprimljeni, osim u slu\u010dajevima i u situaciji kada to propisi zahtijevaju.&nbsp;<\/p>\n\n\n\n<p>Va\u0161e osobne podatke mo\u017eemo podijeliti s drugim stranama (dalje u tekstu: \u201eizvr\u0161itelji obrade\u201c) koje \u0107e nam pru\u017eiti odre\u0111ene usluge te \u0107e prilikom toga morati obraditi Va\u0161e osobne podatke.&nbsp;Te druge strane su pru\u017eatelji usluga specifi\u010dnih u podru\u010dju psihometrijskog testiranja. Ako korisnik nije suglasan s takvim dijeljenjem osobnih podataka ne\u0107e mo\u0107i biti izvr\u0161ena.<\/p>\n\n\n\n<p><strong><br>Razdoblje u kojem \u0107e osobni podaci biti pohranjeni<\/strong>&nbsp;<\/p>\n\n\n\n<p>DeeP Project pohranjuje osobne podatke Korisnika na razdoblje dok se ostvaruje svrha obrade, a najkasnije po isteku svih zakonskih obveza povezanih s \u010duvanjem osobnih podataka te do povla\u010denja suglasnosti, odnosno do trenutka kada zatra\u017eimo obnovu suglasnosti, Korisnik istu vi\u0161e ne \u017eeli dati.<\/p>\n\n\n\n<p><strong><br><\/strong><strong>Pristup, ispravak i brisanje (pravo na zaborav) osobnih podataka<\/strong>&nbsp;&nbsp;<\/p>\n\n\n\n<p>Ako \u017eelite pristupiti, ispraviti, a\u017eurirati ili zatra\u017eiti brisanje Va\u0161ih osobnih podataka, ili prigovoriti na obra\u0111ivanje Va\u0161ih osobnih podataka, tra\u017eiti od nas da ograni\u010dimo obra\u0111ivanje Va\u0161ih osobnih podataka to mo\u017eete u bilo kojem trenutku putem mail adrese dpo@deepproject.hr.<\/p>\n\n\n\n<p><strong>Pravo na prigovor<\/strong>&nbsp;<\/p>\n\n\n\n<p>Ako unato\u010d svim poduzetim mjerama za za\u0161titu osobnih podataka smatrate da imate osnove za prigovor, javite se na mail adresu dpo@deepproject.hr<\/p>\n\n\n\n<p>Naravno imate pravo na prijavu nadzornom tijelu, Agenciji za za\u0161titu osobnih podataka.&nbsp;<\/p>\n\n\n\n<p><br><strong>Sigurnosne mjere za\u0161tite osobnih podataka<\/strong>&nbsp;&nbsp;<br>Prikupljeni podaci su u elektroni\u010dkom obliku i za\u0161ti\u0107eni SSL certifikatom koji enkriptira podatke i tako osigurava da se komunikacija izme\u0111u ra\u010dunala Korisnika i DeeP Project odvija sigurnim protokolom.&nbsp; Za\u0161titu podataka DeeP Project uzima ozbiljno i poduzima razne mjere opreza kako bi osobni podaci bili za\u0161ti\u0107eni. Na\u017ealost, niti jedan prijenos podataka preko Interneta, ili bilo koje be\u017ei\u010dne mre\u017ee ne mo\u017ee biti 100% siguran. Kao posljedica toga, iako DeeP Project provodi razumne za\u0161titne mjere za za\u0161titu podataka ne mo\u017ee jam\u010diti za\u0161titu bilo koje informacije prenesene na\/ili s Internet stranice te nije odgovoran za radnje bilo koje tre\u0107e strane koja takve informacije primi. DeeP Project se mo\u017ee odlu\u010diti na pohranu osobnih podataka kod pru\u017eatelja usluga unutar EU, a samo izvanredno izvan EU. To \u0107e u\u010diniti samo ako za tu zemlju postoji odluka Europske komisije o primjerenosti i ako je ugovoreno jamstvo te pridr\u017eavanje obvezuju\u0107ih propisa o za\u0161titi osobnih podataka.&nbsp;<\/p>\n\n\n\n<p><br><strong>Izmjena Izjave o privatnosti<\/strong>&nbsp;<br>Ovu Izjavu o privatnosti, DeeP Project mo\u017ee izmijeniti u bilo kojem trenutku objavljivanjem izmijenjenog teksta Izjave o privatnosti na Internet stranici. Zato DeeP Project poziva Korisnike da povremeno pregledaju ovu Izjavu o privatnosti na kojoj \u0107e biti ozna\u010dene nove izmjene, ako ih je u prethodnom periodu bilo. Ukoliko se Korisnik ne sla\u017ee s ovom Izjavom o privatnosti, upu\u0107ujemo Korisnika da napusti te ne pristupa i ne koristi Internetsku stranicu. Izmjena izjave o privatnosti stupa na snagu odmah nakon objave na Internetskoj stranici. Nastavak uporabe Internetske stranice od strane Korisnika nakon stupanja na snagu izmjena, podrazumijeva da Korisnik potvr\u0111uje i prihva\u0107a izmijenjenu Izjavu o privatnosti.&nbsp;<strong><br><br>Pravila o postupanju s \u201ekola\u010di\u0107ima\u201c<\/strong>&nbsp;&nbsp;<\/p>\n\n\n\n<p>Kola\u010di\u0107i i druge tehnologije za pra\u0107enje mogu se koristiti na Internet stranici na razne na\u010dine npr. kako bi Internet stranica funkcionirala, za analizu prometa ili u marketin\u0161ke svrhe.&nbsp;<\/p>\n\n\n\n<p>Kola\u010di\u0107 (eng. Cookie) je podatak male veli\u010dine koji web stranica pohranjuje u ra\u010dunalo ili mobilni ure\u0111aj posjetitelja. Kola\u010di\u0107 dozvoljava web stranici da \u201ezapamti\u201c akcije posjetitelja iz prethodnih posjeta. Ve\u0107ina preglednika dozvoljava upotrebu kola\u010di\u0107a, ali korisnik ih u svakom trenutku mo\u017ee obrisati&nbsp; ili u pregledniku postaviti zabranu pohrane istih. Naj\u010de\u0161\u0107i razlozi kori\u0161tenja kola\u010di\u0107a su: identifikacija posjetitelja, pam\u0107enje specifi\u010dnih preferencija korisnika, pomo\u0107 pri unosu informacija koje su ve\u0107 unesene prilikom prethodnih posjeta, skupljanje podataka za analize te promotivne kampanje.&nbsp;Kola\u010di\u0107i se mogu klasificirati kao:&nbsp;<br>Privremeni kola\u010di\u0107i (Session cookies) &nbsp;&#8211; pohranjuju se na ra\u010dunalu te se automatski bri\u0161u nakon zatvaranja web-preglednika. Omogu\u0107uju internetskoj stranici da dobije privremene podatke, poput komentara ili stanja ko\u0161arice za kupnju.<br>Trajni kola\u010di\u0107i (Persistent cookies) &#8211;&nbsp; Ostaju u va\u0161em web pregledniku i nakon zatvaranja i obi\u010dno imaju rok isteka. Deep Project koristi trajne kola\u010di\u0107e kako bi olak\u0161ali pristup registriranim Korisnicima. Pohranjuju podatke kao \u0161to su korisni\u010dko ime i lozinka, \u0161to omogu\u0107uje da koristite funkcionalnost \u201ezapamti me\u201c prilikom prijavljivanja, tako da ne morate upisivati korisni\u010dko ime i lozinku svaki puta kada posje\u0107ujete Internet stranicu.&nbsp;<br>Kola\u010di\u0107 od prve strane &#8211; oni dolaze s web stranice koju ste posjetili, a mogu biti privremeni ili stalni. Omogu\u0107avaju web stranicama da spreme podatke koji se koriste&nbsp; kada korisnik ponovno posjeti web stranicu.<\/p>\n\n\n\n<p>Kola\u010di\u0107i od tre\u0107e strane &#8211; postoji nekoliko vanjskih servisa koji korisniku spremaju limitirane kola\u010di\u0107e (Facebook, Instagram, Google Analytics i AdWords). Ovi kola\u010di\u0107i nisu postavljeni od strane Deep Project te naj\u010de\u0161\u0107e slu\u017ee kao pomo\u0107 &nbsp;pri tuma\u010denju pona\u0161anja korisnika i marketin\u0161ke svrhe.&nbsp;<\/p>\n\n\n\n<p><strong><br><\/strong><strong>Koje su Vam opcije dostupne?&nbsp;<\/strong><\/p>\n\n\n\n<p>U postavkama pretra\u017eiva\u010da kao \u0161to su Internet Explorer, Safari, Firefox ili Chrome mo\u017eete odrediti koje kola\u010di\u0107e \u017eelite prihvatiti a koje \u010dete odbiti. Mjesto na kojem mo\u017eete prona\u0107i postavke ovisi o vrsti Va\u0161eg pretra\u017eiva\u010da. Putem opcije \u201epomo\u0107\u201c u Va\u0161em pretra\u017eiva\u010du prona\u0111ite postavke koje trebate.&nbsp;&nbsp;Ukoliko odaberete opciju da ne \u017eelite prihvatiti odre\u0111ene kola\u010di\u0107e, mo\u017eda ne\u0107ete mo\u0107i koristiti odre\u0111ene funkcije na Internet stranici.<\/p>","protected":false},"excerpt":{"rendered":"<p>Izjava o privatnosti Ova Izjava o privatnosti odnosi se na povjerljivost osobnih podataka koji su prikupljeni u procesu provedbe psihometrijskih testiranja.&nbsp; DeeP Project se pridr\u017eava va\u017ee\u0107ih propisa sa ciljem za\u0161tite privatnosti svojih Korisnika, a posebice Op\u0107e uredbe o za\u0161titi osobnih podataka EU. Ovim dokumentom definiraju se postupci prikupljanja i obra\u0111ivanja osobnih podataka korisnika.&nbsp; Upu\u0107uju se [&hellip;]<\/p>\n","protected":false},"author":1,"featured_media":0,"parent":0,"menu_order":0,"comment_status":"closed","ping_status":"open","template":"","meta":{"om_disable_all_campaigns":false,"_monsterinsights_skip_tracking":false,"_monsterinsights_sitenote_active":false,"_monsterinsights_sitenote_note":"","_monsterinsights_sitenote_category":0,"footnotes":""},"class_list":["post-3","page","type-page","status-publish","hentry"],"aioseo_notices":[],"_links":{"self":[{"href":"https:\/\/deepproject.hr\/en\/wp-json\/wp\/v2\/pages\/3","targetHints":{"allow":["GET"]}}],"collection":[{"href":"https:\/\/deepproject.hr\/en\/wp-json\/wp\/v2\/pages"}],"about":[{"href":"https:\/\/deepproject.hr\/en\/wp-json\/wp\/v2\/types\/page"}],"author":[{"embeddable":true,"href":"https:\/\/deepproject.hr\/en\/wp-json\/wp\/v2\/users\/1"}],"replies":[{"embeddable":true,"href":"https:\/\/deepproject.hr\/en\/wp-json\/wp\/v2\/comments?post=3"}],"version-history":[{"count":1,"href":"https:\/\/deepproject.hr\/en\/wp-json\/wp\/v2\/pages\/3\/revisions"}],"predecessor-version":[{"id":12650,"href":"https:\/\/deepproject.hr\/en\/wp-json\/wp\/v2\/pages\/3\/revisions\/12650"}],"wp:attachment":[{"href":"https:\/\/deepproject.hr\/en\/wp-json\/wp\/v2\/media?parent=3"}],"curies":[{"name":"wp","href":"https:\/\/api.w.org\/{rel}","templated":true}]}}