{"id":13107,"date":"2024-11-12T21:46:53","date_gmt":"2024-11-12T20:46:53","guid":{"rendered":"https:\/\/staging.deepproject.hr\/?page_id=13107"},"modified":"2025-10-13T08:41:31","modified_gmt":"2025-10-13T07:41:31","slug":"blog","status":"publish","type":"page","link":"https:\/\/deepproject.hr\/en\/blog\/","title":{"rendered":"Blog"},"content":{"rendered":"\t\t<div data-elementor-type=\"wp-page\" data-elementor-id=\"13107\" class=\"elementor elementor-13107\">\n\t\t\t\t        <section class=\"elementor-section elementor-top-section elementor-element elementor-element-a69af80 elementor-section-stretched elementor-section-boxed elementor-section-height-default elementor-section-height-default pxl-row-scroll-none pxl-zoom-point-false pxl-section-overflow-visible pxl-bg-color-none pxl-section-overlay-none\" data-id=\"a69af80\" data-element_type=\"section\" data-e-type=\"section\" data-settings=\"{&quot;stretch_section&quot;:&quot;section-stretched&quot;}\">\n\n                \n                <div class=\"elementor-container elementor-column-gap-extended \">\n                <div class=\"elementor-column elementor-col-100 elementor-top-column elementor-element elementor-element-f639176 pxl-column-none pxl-column-overflow-hidden-no\" data-id=\"f639176\" data-element_type=\"column\" data-e-type=\"column\">\r\n        <div class=\"elementor-widget-wrap elementor-element-populated\">\r\n                     \r\n        \t\t<div class=\"elementor-element elementor-element-1cf54a0 post-layout-post-list-1 elementor-invisible elementor-widget elementor-widget-pxl_post_list\" data-id=\"1cf54a0\" data-element_type=\"widget\" data-e-type=\"widget\" data-settings=\"{&quot;_animation&quot;:&quot;fadeInUp&quot;}\" data-widget_type=\"pxl_post_list.default\">\n\t\t\t\t<div class=\"elementor-widget-container\">\n\t\t\t\t\t\r\n<div id=\"pxl_post_list-1cf54a0-1478\" class=\"pxl-grid pxl-post-list layout-post-list-1\" data-layout-mode=\"fitRows\" data-start-page=\"1\" data-max-pages=\"13\" data-total=\"75\" data-perpage=\"6\" data-next-link=\"https:\/\/deepproject.hr\/en\/wp-json\/wp\/v2\/pages\/13107\/page\/2\/\" data-loadmore=\"{&quot;tax&quot;:[&quot;category&quot;],&quot;post_type&quot;:&quot;post&quot;,&quot;layout&quot;:&quot;post-list-1&quot;,&quot;select_post_by&quot;:&quot;post_selected&quot;,&quot;layout_mode&quot;:&quot;fitRows&quot;,&quot;startPage&quot;:1,&quot;maxPages&quot;:13,&quot;total&quot;:75,&quot;perpage&quot;:&quot;6&quot;,&quot;nextLink&quot;:&quot;https:\\\/\\\/deepproject.hr\\\/en\\\/wp-json\\\/wp\\\/v2\\\/pages\\\/13107\\\/page\\\/2\\\/&quot;,&quot;source&quot;:[],&quot;post_ids&quot;:&quot;&quot;,&quot;orderby&quot;:&quot;date&quot;,&quot;order&quot;:&quot;desc&quot;,&quot;limit&quot;:&quot;6&quot;,&quot;item_animation&quot;:&quot;&quot;,&quot;item_animation_duration&quot;:&quot;normal&quot;,&quot;item_animation_delay&quot;:&quot;150&quot;,&quot;img_size&quot;:&quot;900x800&quot;,&quot;show_date&quot;:&quot;&quot;,&quot;show_author&quot;:&quot;&quot;,&quot;show_category&quot;:&quot;&quot;,&quot;show_comment&quot;:&quot;&quot;,&quot;show_excerpt&quot;:&quot;true&quot;,&quot;num_words&quot;:45,&quot;show_readmore&quot;:&quot;true&quot;,&quot;readmore_text&quot;:&quot;Pro\\u010ditaj vi\\u0161e...&quot;,&quot;post_share&quot;:&quot;&quot;,&quot;pagination_type&quot;:&quot;loadmore&quot;,&quot;show_toolbar&quot;:&quot;hide&quot;,&quot;wg_type&quot;:&quot;post-list&quot;}\">\r\n        <div class=\"pxl-list-inner d-flex-wrap relative\"> \r\n                <div class=\"list-item w-100 format-standard \" >\n            <div class=\"grid-item-inner item-inner-wrap row  format-standard\">\n                                <div class=\"item-featured col-lg-5\">\n                    <div class=\"post-image scale-hover\">\n                        <img fetchpriority=\"high\" decoding=\"async\" class=\"no-lazyload \" src=\"https:\/\/deepproject.hr\/wp-content\/uploads\/2026\/04\/1776192634943.png\" width=\"602\" height=\"339\" alt=\"1776192634943\" title=\"1776192634943\" \/>       \n                        \n                                                                    <\/div> \n                <\/div>\n                                        <div class=\"wrap-item-content col-lg-7\">\n                <div class=\"item-content\">\n                                    <h3 class=\"item-title\"><a href=\"https:\/\/deepproject.hr\/en\/hr-je-usrecio-ljude-tko-ce-sada-spasiti-organizacije\/\">HR je usre\u0107io ljude. Tko \u0107e sada spasiti organizacije?<\/a><\/h3>\n                                    <div class=\"item-excerpt\">\n                        Ve\u0107 godinama slu\u0161amo sli\u010dne re\u010denice. Treba podizati anga\u017eiranost. Treba ja\u010dati kulturu. Treba razvijati lidere. Treba vi\u0161e slu\u0161ati zaposlenike. Treba raditi na employee experience-u. Treba graditi employer brand. Sve to zvu\u010di razumno, pristojno i profesionalno. Problem je \u0161to organizacije, unato\u010d svim tim naporima, \u010desto ne funkcioniraju&hellip;                    <\/div>\n                                                    <div class=\"blog-post-footer  align-items-center justify-content-between\">\n                                                    <div class=\"post-readmore \">\n                                <a class=\"btn btn-glossy\" href=\"https:\/\/deepproject.hr\/en\/hr-je-usrecio-ljude-tko-ce-sada-spasiti-organizacije\/\">\n                                    <span class=\"pxl-button-text\">Pro\u010ditaj vi\u0161e...<\/span>\n                                <\/a>\n                            <\/div>\n                                                                    <\/div>\n                            <\/div>\n        <\/div>\n        <\/div>\n<\/div>\n        <div class=\"list-item w-100 format-standard \" >\n            <div class=\"grid-item-inner item-inner-wrap row  format-standard\">\n                                <div class=\"item-featured col-lg-5\">\n                    <div class=\"post-image scale-hover\">\n                        <img decoding=\"async\" class=\"no-lazyload \" src=\"https:\/\/deepproject.hr\/wp-content\/uploads\/2026\/04\/1775459644065-900x523.png\" width=\"900\" height=\"523\" alt=\"1775459644065\" title=\"1775459644065\" \/>       \n                        \n                                                                    <\/div> \n                <\/div>\n                                        <div class=\"wrap-item-content col-lg-7\">\n                <div class=\"item-content\">\n                                    <h3 class=\"item-title\"><a href=\"https:\/\/deepproject.hr\/en\/svijet-ne-unistavaju-psihopati-nego-ljudska-glupost-tvrdoglavost-i-uvjerenost-da-smo-u-pravu\/\">Svijet ne uni\u0161tavaju psihopati, nego ljudska glupost, tvrdoglavost i uvjerenost da smo u pravu.<\/a><\/h3>\n                                    <div class=\"item-excerpt\">\n                        U poslovnom i popularnom diskursu ve\u0107 godinama kru\u017ei ideja da klju\u010dne probleme organizacija i dru\u0161tva uzrokuju \u201cte\u0161ki I opasni karakteri\u201d, psihopati, narcisi, manipulativni pojedinci. To je narativ koji dobro prolazi jer nudi jednostavno obja\u0161njenje i jasnog krivca. Me\u0111utim, kada se pogled pomakne s individualnih devijacija&hellip;                    <\/div>\n                                                    <div class=\"blog-post-footer  align-items-center justify-content-between\">\n                                                    <div class=\"post-readmore \">\n                                <a class=\"btn btn-glossy\" href=\"https:\/\/deepproject.hr\/en\/svijet-ne-unistavaju-psihopati-nego-ljudska-glupost-tvrdoglavost-i-uvjerenost-da-smo-u-pravu\/\">\n                                    <span class=\"pxl-button-text\">Pro\u010ditaj vi\u0161e...<\/span>\n                                <\/a>\n                            <\/div>\n                                                                    <\/div>\n                            <\/div>\n        <\/div>\n        <\/div>\n<\/div>\n        <div class=\"list-item w-100 format-standard \" >\n            <div class=\"grid-item-inner item-inner-wrap row  format-standard\">\n                                <div class=\"item-featured col-lg-5\">\n                    <div class=\"post-image scale-hover\">\n                        <img decoding=\"async\" class=\"no-lazyload \" src=\"https:\/\/deepproject.hr\/wp-content\/uploads\/2024\/11\/Slika3-19.jpg\" width=\"738\" height=\"623\" alt=\"meme\" title=\"Slika3\" \/>       \n                        \n                                                                    <\/div> \n                <\/div>\n                                        <div class=\"wrap-item-content col-lg-7\">\n                <div class=\"item-content\">\n                                    <h3 class=\"item-title\"><a href=\"https:\/\/deepproject.hr\/en\/zasto-hr-ovci-zanemaruju-bihevioralne-uvide-i-kako-nudging-moze-poboljsati-organizacijske-performanse\/\">Za\u0161to HR-ovci zanemaruju bihevioralne uvide i kako &#8220;nudging&#8221; mo\u017ee pobolj\u0161ati organizacijske performanse?<\/a><\/h3>\n                                    <div class=\"item-excerpt\">\n                        Kada ne\u0161to ne valja u organizaciji, tra\u017eimo li uvijek problem na pravom mjestu? Mo\u017eda nije popularno o tome govoriti, ali mo\u017ee li problem nekada biti i u samim zaposlenicima? Danas, kada se organizacijska kultura, employer branding i ankete o zadovoljstvu zaposlenika nalaze u sredi\u0161tu HR&hellip;                    <\/div>\n                                                    <div class=\"blog-post-footer  align-items-center justify-content-between\">\n                                                    <div class=\"post-readmore \">\n                                <a class=\"btn btn-glossy\" href=\"https:\/\/deepproject.hr\/en\/zasto-hr-ovci-zanemaruju-bihevioralne-uvide-i-kako-nudging-moze-poboljsati-organizacijske-performanse\/\">\n                                    <span class=\"pxl-button-text\">Pro\u010ditaj vi\u0161e...<\/span>\n                                <\/a>\n                            <\/div>\n                                                                    <\/div>\n                            <\/div>\n        <\/div>\n        <\/div>\n<\/div>\n        <div class=\"list-item w-100 format-standard \" >\n            <div class=\"grid-item-inner item-inner-wrap row  format-standard\">\n                                <div class=\"item-featured col-lg-5\">\n                    <div class=\"post-image scale-hover\">\n                        <img loading=\"lazy\" decoding=\"async\" class=\"no-lazyload \" src=\"https:\/\/deepproject.hr\/wp-content\/uploads\/2024\/11\/Pikachu.png\" width=\"602\" height=\"395\" alt=\"Pikachu\" title=\"Pikachu\" \/>       \n                        \n                                                                    <\/div> \n                <\/div>\n                                        <div class=\"wrap-item-content col-lg-7\">\n                <div class=\"item-content\">\n                                    <h3 class=\"item-title\"><a href=\"https:\/\/deepproject.hr\/en\/skupljanje-pokemona-od-djecje-igre-do-usamljenosti-i-depresije-ili-kako-ih-skupiti-sve\/\">Skupljanje Pokemona: Od dje\u010dje igre do usamljenosti i depresije. Ili kako ih skupiti sve.<\/a><\/h3>\n                                    <div class=\"item-excerpt\">\n                        Jo\u0161 kao klinci bili smo spremni ispitivati granice, kako one vlastite tako i granice na\u0161ih roditelja. Kroz igru, neprestano otkrivanje svijeta oko nas, kao da smo poku\u0161avali doku\u010diti gdje prestaje na\u0161a snaga, hrabrost, strpljenje&#8230; Spu\u0161tanje biciklom niz padinu, pale\u0107i ping-pong loptice zamotane u aluminijsku foliju,&hellip;                    <\/div>\n                                                    <div class=\"blog-post-footer  align-items-center justify-content-between\">\n                                                    <div class=\"post-readmore \">\n                                <a class=\"btn btn-glossy\" href=\"https:\/\/deepproject.hr\/en\/skupljanje-pokemona-od-djecje-igre-do-usamljenosti-i-depresije-ili-kako-ih-skupiti-sve\/\">\n                                    <span class=\"pxl-button-text\">Pro\u010ditaj vi\u0161e...<\/span>\n                                <\/a>\n                            <\/div>\n                                                                    <\/div>\n                            <\/div>\n        <\/div>\n        <\/div>\n<\/div>\n        <div class=\"list-item w-100 format-standard \" >\n            <div class=\"grid-item-inner item-inner-wrap row  format-standard\">\n                                <div class=\"item-featured col-lg-5\">\n                    <div class=\"post-image scale-hover\">\n                        <img loading=\"lazy\" decoding=\"async\" class=\"no-lazyload \" src=\"https:\/\/deepproject.hr\/wp-content\/uploads\/2024\/11\/Google-effect.png\" width=\"799\" height=\"411\" alt=\"Google-effect\" title=\"Google-effect\" \/>       \n                        \n                                                                    <\/div> \n                <\/div>\n                                        <div class=\"wrap-item-content col-lg-7\">\n                <div class=\"item-content\">\n                                    <h3 class=\"item-title\"><a href=\"https:\/\/deepproject.hr\/en\/problem-ai-ili-kako-gubimo-umjesto-da-dobivamo\/\">Problem AI ili kako gubimo umjesto da dobivamo?<\/a><\/h3>\n                                    <div class=\"item-excerpt\">\n                        PROBLEM AI \u010cinjenica da o AI govori netko tko uop\u0107e ne bi trebao govoriti o AI pokazuje zapravo koliko je problem AI velik. I nije problem u tome da li AI, na koji god na\u010din, koriste vi\u0161e nastavnici ili u\u010denici\/studenti, HR-ovci, \u2026problem je u tome&hellip;                    <\/div>\n                                                    <div class=\"blog-post-footer  align-items-center justify-content-between\">\n                                                    <div class=\"post-readmore \">\n                                <a class=\"btn btn-glossy\" href=\"https:\/\/deepproject.hr\/en\/problem-ai-ili-kako-gubimo-umjesto-da-dobivamo\/\">\n                                    <span class=\"pxl-button-text\">Pro\u010ditaj vi\u0161e...<\/span>\n                                <\/a>\n                            <\/div>\n                                                                    <\/div>\n                            <\/div>\n        <\/div>\n        <\/div>\n<\/div>\n        <div class=\"list-item w-100 format-standard \" >\n            <div class=\"grid-item-inner item-inner-wrap row  format-standard\">\n                                <div class=\"item-featured col-lg-5\">\n                    <div class=\"post-image scale-hover\">\n                        <img loading=\"lazy\" decoding=\"async\" class=\"no-lazyload \" src=\"https:\/\/deepproject.hr\/wp-content\/uploads\/2024\/11\/Slika-4-1.jpg\" width=\"602\" height=\"366\" alt=\"Slika-4\" title=\"Slika-4\" \/>       \n                        \n                                                                    <\/div> \n                <\/div>\n                                        <div class=\"wrap-item-content col-lg-7\">\n                <div class=\"item-content\">\n                                    <h3 class=\"item-title\"><a href=\"https:\/\/deepproject.hr\/en\/to-sto-nas-netko-fiksira-pogledom-ne-znaci-i-da-nas-vidi\/\">To \u0161to nas netko fiksira pogledom, ne zna\u010di i da nas vidi<\/a><\/h3>\n                                    <div class=\"item-excerpt\">\n                        To da nitko nikoga vi\u0161e ne slu\u0161a i da je vje\u0161tina aktivnog slu\u0161anja postala iznimno rijetka \u201epojava\u201c, jasno je svima. Prije par dana sam pisao o ekonomiji pa\u017enje kao konceptu koji se odnosi na na\u010din na koji se ljudska pa\u017enja tretira kao rijedak i dragocjen&hellip;                    <\/div>\n                                                    <div class=\"blog-post-footer  align-items-center justify-content-between\">\n                                                    <div class=\"post-readmore \">\n                                <a class=\"btn btn-glossy\" href=\"https:\/\/deepproject.hr\/en\/to-sto-nas-netko-fiksira-pogledom-ne-znaci-i-da-nas-vidi\/\">\n                                    <span class=\"pxl-button-text\">Pro\u010ditaj vi\u0161e...<\/span>\n                                <\/a>\n                            <\/div>\n                                                                    <\/div>\n                            <\/div>\n        <\/div>\n        <\/div>\n<\/div>\n    <\/div>\r\n     \r\n                <div class=\"pxl-load-more \" data-loading-text=\"Loading\" data-loadmore-text=\"U\u010ditaj vi\u0161e\">\r\n            <span class=\"btn btn-grid-loadmore\">\r\n                <span class=\"btn-text\">U\u010ditaj vi\u0161e<\/span>\r\n            <\/span>\r\n        <\/div>\r\n    <\/div>\t\t\t\t<\/div>\n\t\t\t\t<\/div>\n\t\t            <\/div>\r\n        <\/div>\r\n        \t\t\t<\/div>\n\t\t<\/section>\n\t\t\t\t<\/div>\n\t\t","protected":false},"excerpt":{"rendered":"<p>Za\u0161to HR-ovci zanemaruju bihevioralne uvide i kako &#8220;nudging&#8221; mo\u017ee pobolj\u0161ati organizacijske performanse? Za\u0161to HR-ovci zanemaruju bihevioralne uvide i kako &#8220;nudging&#8221; mo\u017ee pobolj\u0161ati organizacijske performanse? Kada ne\u0161to ne valja u organizaciji, tra\u017eimo li uvijek problem na pravom mjestu? Mo\u017eda nije popularno o tome govoriti, ali mo\u017ee li problem nekada biti i u samim zaposlenicima? Danas, kada [&hellip;]<\/p>\n","protected":false},"author":1,"featured_media":0,"parent":0,"menu_order":0,"comment_status":"closed","ping_status":"closed","template":"","meta":{"om_disable_all_campaigns":false,"_monsterinsights_skip_tracking":false,"_monsterinsights_sitenote_active":false,"_monsterinsights_sitenote_note":"","_monsterinsights_sitenote_category":0,"footnotes":""},"class_list":["post-13107","page","type-page","status-publish","hentry"],"aioseo_notices":[],"_links":{"self":[{"href":"https:\/\/deepproject.hr\/en\/wp-json\/wp\/v2\/pages\/13107","targetHints":{"allow":["GET"]}}],"collection":[{"href":"https:\/\/deepproject.hr\/en\/wp-json\/wp\/v2\/pages"}],"about":[{"href":"https:\/\/deepproject.hr\/en\/wp-json\/wp\/v2\/types\/page"}],"author":[{"embeddable":true,"href":"https:\/\/deepproject.hr\/en\/wp-json\/wp\/v2\/users\/1"}],"replies":[{"embeddable":true,"href":"https:\/\/deepproject.hr\/en\/wp-json\/wp\/v2\/comments?post=13107"}],"version-history":[{"count":40,"href":"https:\/\/deepproject.hr\/en\/wp-json\/wp\/v2\/pages\/13107\/revisions"}],"predecessor-version":[{"id":14198,"href":"https:\/\/deepproject.hr\/en\/wp-json\/wp\/v2\/pages\/13107\/revisions\/14198"}],"wp:attachment":[{"href":"https:\/\/deepproject.hr\/en\/wp-json\/wp\/v2\/media?parent=13107"}],"curies":[{"name":"wp","href":"https:\/\/api.w.org\/{rel}","templated":true}]}}